{"id":18,"date":"2020-08-20T12:27:26","date_gmt":"2020-08-20T10:27:26","guid":{"rendered":"http:\/\/www.nowyadres\/?page_id=18"},"modified":"2021-01-16T17:28:18","modified_gmt":"2021-01-16T16:28:18","slug":"presse","status":"publish","type":"page","link":"http:\/\/carlossanchez.de\/en\/presse\/","title":{"rendered":"Press"},"content":{"rendered":"<p>[vc_row][vc_column width=&#8220;1\/2&#8243;][vc_column_text]<\/p>\n<div class=\"presse-img\"><a href=\"http:\/\/demo.hm-soft.pl\/carlossanchez\/wp-content\/uploads\/2020\/09\/Allgemeine-Zeitung.jpg\"><img loading=\"lazy\" class=\"alignnone size-thumbnail wp-image-115\" src=\"http:\/\/demo.hm-soft.pl\/carlossanchez\/wp-content\/uploads\/2020\/09\/Allgemeine-Zeitung-150x150.jpg\" alt=\"\" width=\"150\" height=\"150\" \/><\/a> <a href=\"http:\/\/demo.hm-soft.pl\/carlossanchez\/wp-content\/uploads\/2021\/01\/Cannstatter-Zeitung.pdf\"><img loading=\"lazy\" class=\"alignnone size-thumbnail wp-image-116\" src=\"http:\/\/demo.hm-soft.pl\/carlossanchez\/wp-content\/uploads\/2020\/09\/Cannstatter-Zeitung-150x150.jpg\" alt=\"\" width=\"150\" height=\"150\" \/><\/a> <a href=\"http:\/\/demo.hm-soft.pl\/carlossanchez\/wp-content\/uploads\/2020\/09\/Lokale-Zeitung.png\"><img loading=\"lazy\" class=\"alignnone size-thumbnail wp-image-117\" src=\"http:\/\/demo.hm-soft.pl\/carlossanchez\/wp-content\/uploads\/2020\/09\/Lokale-Zeitung-150x150.png\" alt=\"\" width=\"150\" height=\"150\" \/><\/a> <a href=\"http:\/\/demo.hm-soft.pl\/carlossanchez\/wp-content\/uploads\/2021\/01\/Marktgraefler-Tagblatt.pdf\"><img loading=\"lazy\" class=\"alignnone size-thumbnail wp-image-118\" src=\"http:\/\/demo.hm-soft.pl\/carlossanchez\/wp-content\/uploads\/2020\/09\/Marktgrafler-Tagblatt-150x150.jpg\" alt=\"\" width=\"150\" height=\"150\" \/><\/a> <a href=\"http:\/\/demo.hm-soft.pl\/carlossanchez\/wp-content\/uploads\/2020\/09\/Moritz-Journal.png\"><img loading=\"lazy\" class=\"alignnone size-thumbnail wp-image-119\" src=\"http:\/\/demo.hm-soft.pl\/carlossanchez\/wp-content\/uploads\/2020\/09\/Moritz-Journal-150x150.png\" alt=\"\" width=\"150\" height=\"150\" srcset=\"http:\/\/carlossanchez.de\/en\/wp-content\/uploads\/2020\/09\/Moritz-Journal-150x150.png 150w, http:\/\/carlossanchez.de\/en\/wp-content\/uploads\/2020\/09\/Moritz-Journal-1014x1024.png 1014w, http:\/\/carlossanchez.de\/en\/wp-content\/uploads\/2020\/09\/Moritz-Journal.png 1024w\" sizes=\"(max-width: 150px) 100vw, 150px\" \/><\/a> <a href=\"http:\/\/demo.hm-soft.pl\/carlossanchez\/wp-content\/uploads\/2021\/01\/Schwaebisches-Tagblatt.pdf\"><img loading=\"lazy\" class=\"alignnone size-thumbnail wp-image-120\" src=\"http:\/\/demo.hm-soft.pl\/carlossanchez\/wp-content\/uploads\/2020\/09\/Schwabisches-Tagblatt-150x150.jpg\" alt=\"\" width=\"150\" height=\"150\" \/><\/a> <a href=\"http:\/\/demo.hm-soft.pl\/carlossanchez\/wp-content\/uploads\/2021\/01\/Schwaebisches-Tagblatt_2.pdf\"><img loading=\"lazy\" class=\"alignnone size-thumbnail wp-image-121\" src=\"http:\/\/demo.hm-soft.pl\/carlossanchez\/wp-content\/uploads\/2020\/09\/Schwabisches-Tagblatt_2-150x150.jpg\" alt=\"\" width=\"150\" height=\"150\" \/><\/a> <a href=\"http:\/\/demo.hm-soft.pl\/carlossanchez\/wp-content\/uploads\/2021\/01\/SWR4.pdf\"><img loading=\"lazy\" class=\"alignnone size-thumbnail wp-image-122\" src=\"http:\/\/demo.hm-soft.pl\/carlossanchez\/wp-content\/uploads\/2020\/09\/SWR4-150x150.jpg\" alt=\"\" width=\"150\" height=\"150\" \/><\/a><\/div>\n<p>[\/vc_column_text][\/vc_column][vc_column width=&#8220;1\/2&#8243; css=&#8220;.vc_custom_1600240448170{padding-right: 30px !important;padding-left: 30px !important;background-color: rgba(0,0,0,0.8) !important;*background-color: rgb(0,0,0) !important;}&#8220; el_class=&#8220;scroll&#8220; offset=&#8220;vc_col-md-offset-0&#8243;][vc_column_text]<\/p>\n<h2 style=\"text-align: center;\">PRESS<\/h2>\n<p>[\/vc_column_text][vc_column_text css=&#8220;.vc_custom_1599134359168{padding-top: 15px !important;}&#8220;]<\/p>\n<h4><strong>Einige Publikums Rezensionen von eventim.de und oeticket.com<\/strong><\/h4>\n<p><strong>Tolle Veranstaltung<\/strong><\/p>\n<p>Kufstein, Kufstein Stadtsaal, Hotel Andreas Hofer, 15.01.2020<\/p>\n<p>ausgezeichnete Musiker, wunderbare Stimmen, feine Atmosph\u00e4re, nette und humorvolle Moderation &#8211; alles in allem ein sehr sch\u00f6ner und gelungener Konzertabend;<\/p>\n<p><strong>Toller Event<\/strong><\/p>\n<p>Steyr, Steyr Stadtsaal, 17.01.2020<\/p>\n<p>traumhafte B\u00fchnenshow, meine Ohren waren begeistert von der Musik, gewaltige Stimmen !!<\/p>\n<p><strong>Beeindruckend!<\/strong><\/p>\n<p>Kufstein, Kufstein Stadtsaal, Hotel Andreas Hofer, 15.01.2020<\/p>\n<p>Ein faszinierender Abend. Absolut zu empfehlen und immer gerne wieder!<\/p>\n<p>Dieser Abend mit den jungen Ten\u00f6ren war wirklich Sehens und h\u00f6renswert. Mit viel Gef\u00fchl, super Stimmen und zwischendurch immer f\u00fcr eine Anekdote oder Witz zu haben. Alles in allem ein sehr sch\u00f6ner Abend<\/p>\n<p><strong>Ten\u00f6re der Extraklasse<\/strong><\/p>\n<p>Leonding, Leonding K\u00fcrnberghalle, 17.11.2018<\/p>\n<p>Traumhafte Stimmen und exzellente Musiker in einen etwas kleineren Saal, jedoch mit sehr guter Akustik und perfekter Ausleuchtung. Eine herrliche, teils witzige B\u00fchnenshow, bei der auch das Publikum mit eingebunden wurde. Alles in Allem ein gelungener Abend.<\/p>\n<p><strong>Super wie immer<\/strong><\/p>\n<p>KIRCHBERG AM WAGRAM, Wagramhal, 02.01.2017<\/p>\n<p>Haben die jungen Ten\u00f6re nun zum 3. Mal live gesehen. Sie steigern sich von Mal zu mal. ihre Konzerte sind Pflichttermine<\/p>\n<p>Es ist super auch au\u00dferhalb der Hauptst\u00e4dte solche Veranstaltungen besuchen zu k\u00f6nnen und keine weite Anreise zu haben. Die jungen Ten\u00f6re haben eine gewaltige Stimme und ein tolles Programm.<\/p>\n<p><strong>Bestes Konzert, das ich bis jetzt besucht habe<\/strong><\/p>\n<p>Rohrbach, CENTRO, 16.10.2017<\/p>\n<p>Am Freitag besuchte ich mit meiner Freundin das Konzert der jungen Ten\u00f6re, es war von der ersten bis zur letzten Sekunde ein Ohrenschmaus. Habe noch nie so ein tolles Konzert erlebt. W\u00fcrde sofort wieder gehen und kann es nur weiter empfehlen!<\/p>\n<p><strong>Kirchliche Trauung mit Taufe<\/strong><\/p>\n<p><em>Hoyerswerda, 26.05.2019<\/em><\/p>\n<p><em>Carlos Sanchez hat unsere kirchliche Trauung mit der Taufe unserer Tochter perfekt umrandet. Es war einfach unbeschreiblich toll! Wir k\u00f6nnen Ihn nur weiterempfehlen! Unsere G\u00e4ste und wir waren total begeistert!<\/em><\/p>\n<p><strong>Kirchliche Trauung<\/strong><\/p>\n<p>Nordhausen, 09.06.2019<\/p>\n<p><em>Lieber Herr Sanchez, wir m\u00f6chten uns noch einmal herzlich f\u00fcr Ihren wundervollen Auftritt bei unserer Hochzeit bedanken. Ihr Gesang hat alle sehr ber\u00fchrt. Wir sind in den letzten Monaten noch oft auf Sie angesprochen. Sie haben unsere Trauung wirklich perfekt gemacht. Vielen Dank!<\/em><\/p>\n<p><strong>Standesamtliche Trauung<\/strong><\/p>\n<p>Halle (Saale), 22.09.2019<\/p>\n<p><em>Hallo Carlos, es war toll. Meine Frau, unsere G\u00e4ste und ich selbst waren total begeistert. Du hast so toll gesungen, als du gesungen hast hatte ich so einen Klos im Hals und Tr\u00e4nen in den Augen. Ich war total ergriffen. Ich habe die Melodien immer noch im Ohr. Damit hast du unsere Trauung f\u00fcr uns zu einem einzigartig Emotionalen Moment gemacht.Danke.<\/em><\/p>\n<h3><strong>Familienfeier<\/strong><\/h3>\n<p>Spremberg, 26.10.2019<\/p>\n<p><em>Herr Sanchez hat auf der goldenen Hochzeit meiner Eltern gesungen. Es war eine \u00dcberraschung f\u00fcr meine Eltern und sie ist wirklich gelungen. Herr Sanchez hat drei italienische St\u00fccke gesungen, meine Eltern waren zutiefst ergriffen und bei Ihnen und auch bei fast allen G\u00e4sten, kullerten die Tr\u00e4nen vor R\u00fchrung.<\/em><em><br \/>\n<\/em><em>Der Auftritt war professionell und ungemein sympathisch. Alle waren begeistert und w\u00e4hrend der Feier wurde noch oft \u00fcber diesen wunderbaren Tenor gesprochen.<\/em><em><br \/>\n<\/em><em>Sehr zu empfehlen! Danke, es war gro\u00dfartig!<\/em><\/p>\n<p><em><strong>Geburtstagsfeier<\/strong><\/em><\/p>\n<p><em>Ruhland, 11.01.2020<\/em><\/p>\n<p>Sehr geehrter Herr <em>Sanchez<\/em>,<br \/>\nes ist mir eine Herzensangelegenheit Ihnen, einem wundervollen Tenor, meinen Dank auszusprechen.<br \/>\nSie haben meiner Feier die Krone aufgesetzt.<br \/>\nNachdem ich, Sie verabschiedet hatte und mich den G\u00e4sten wieder zuwandte, gab es nicht einen, der Ihre Darbietung, nicht honoriert h\u00e4tte. Kaum einen, dem die Tr\u00e4nen nicht in den Augen standen.<br \/>\nAlle, alle ohne Ausnahme, waren zutiefst ber\u00fchrt.<br \/>\nDaf\u00fcr, Danke.<\/p>\n<p><strong>Trauerfeier<\/strong><\/p>\n<p>Cottbus, 17.11.2019<\/p>\n<p>In unserer schweren Stunde des Abschiedes brachte der Tenor <em>Carlos Sanchez<\/em> mit zwei wunderbaren Liedern es fertig, die seelische Last der Hinterbliebenen zu lindern und in ein Staunen zu verwandeln, wie w\u00fcrdevoll Abschied genommen werden kann. Im gesamten Umfeld erfuhren wir ganz besondere Anerkennung.[\/vc_column_text][\/vc_column][\/vc_row]<\/p>\n","protected":false},"excerpt":{"rendered":"<p>[vc_row][vc_column width=&#8220;1\/2&#8243;][vc_column_text] [\/vc_column_text][\/vc_column][vc_column width=&#8220;1\/2&#8243; css=&#8220;.vc_custom_1600240448170{padding-right: 30px !important;padding-left: 30px !important;background-color: rgba(0,0,0,0.8) !important;*background-color: rgb(0,0,0) !important;}&#8220; el_class=&#8220;scroll&#8220; offset=&#8220;vc_col-md-offset-0&#8243;][vc_column_text] PRESS [\/vc_column_text][vc_column_text css=&#8220;.vc_custom_1599134359168{padding-top: 15px !important;}&#8220;] Einige Publikums Rezensionen von eventim.de und oeticket.com Tolle Veranstaltung Kufstein, Kufstein Stadtsaal, Hotel Andreas Hofer, 15.01.2020 ausgezeichnete Musiker, wunderbare Stimmen, feine Atmosph\u00e4re, nette und humorvolle Moderation &#8211; alles in allem ein sehr sch\u00f6ner und gelungener [&hellip;]<\/p>\n","protected":false},"author":1,"featured_media":0,"parent":0,"menu_order":0,"comment_status":"closed","ping_status":"closed","template":"","meta":[],"_links":{"self":[{"href":"http:\/\/carlossanchez.de\/en\/wp-json\/wp\/v2\/pages\/18"}],"collection":[{"href":"http:\/\/carlossanchez.de\/en\/wp-json\/wp\/v2\/pages"}],"about":[{"href":"http:\/\/carlossanchez.de\/en\/wp-json\/wp\/v2\/types\/page"}],"author":[{"embeddable":true,"href":"http:\/\/carlossanchez.de\/en\/wp-json\/wp\/v2\/users\/1"}],"replies":[{"embeddable":true,"href":"http:\/\/carlossanchez.de\/en\/wp-json\/wp\/v2\/comments?post=18"}],"version-history":[{"count":35,"href":"http:\/\/carlossanchez.de\/en\/wp-json\/wp\/v2\/pages\/18\/revisions"}],"predecessor-version":[{"id":367,"href":"http:\/\/carlossanchez.de\/en\/wp-json\/wp\/v2\/pages\/18\/revisions\/367"}],"wp:attachment":[{"href":"http:\/\/carlossanchez.de\/en\/wp-json\/wp\/v2\/media?parent=18"}],"curies":[{"name":"wp","href":"https:\/\/api.w.org\/{rel}","templated":true}]}}